{"id":2888,"date":"2020-06-20T10:27:37","date_gmt":"2020-06-20T08:27:37","guid":{"rendered":"http:\/\/brandexponents.com\/oshin\/v31\/?page_id=2888"},"modified":"2022-11-22T20:39:20","modified_gmt":"2022-11-22T19:39:20","slug":"contact","status":"publish","type":"page","link":"https:\/\/ugoartes.pl\/index.php\/contact\/","title":{"rendered":"Kontakt"},"content":{"rendered":"<div  class=\"tatsu-fqp8z3b0zr7xzlbm tatsu-section  tatsu-bg-overlay   tatsu-clearfix\" data-title=\"\"  data-headerscheme=\"background--dark\"><div class='tatsu-section-pad clearfix' data-padding='{\"d\":\"100px 0% 30px 0%\"}' data-padding-top='100px'><div class=\"tatsu-row-wrap  tatsu-wrap tatsu-row-one-col tatsu-row-has-one-cols tatsu-medium-gutter tatsu-reg-cols  tatsu-clearfix tatsu-fqp8z3b10nafg5j\" ><div  class=\"tatsu-row \" ><div  class=\"tatsu-column  tatsu-column-no-bg tatsu-one-col tatsu-column-image-none tatsu-column-effect-none  tatsu-fqp8z3b1118llzu8\"  data-parallax-speed=\"0\" style=\"\"><div class=\"tatsu-column-inner \" ><div class=\"tatsu-column-pad-wrap\"><div class=\"tatsu-column-pad\" ><div  class=\"tatsu-module tatsu-inline-text clearfix tatsu-fqp8z3b11qeb92l0   \" ><style>.tatsu-fqp8z3b11qeb92l0 .tatsu-inline-text-inner{width: 100%;text-align: center;}.tatsu-fqp8z3b11qeb92l0.tatsu-inline-text{margin: 0px 0px 0px 0px;}<\/style><div class=\"tatsu-inline-text-inner tatsu-align-center\">\n<h1 style=\"text-align: center;\"><span style=\"color: #ffffff;\">Skontaktuj si\u0119 z nami<\/span><\/h1>\n<\/div><\/div><\/div><\/div><div class = \"tatsu-column-bg-image-wrap\"><div class = \"tatsu-column-bg-image\" ><\/div><\/div><\/div><style>.tatsu-row > .tatsu-fqp8z3b1118llzu8.tatsu-column{width: 100%;}.tatsu-fqp8z3b1118llzu8.tatsu-column > .tatsu-column-inner > .tatsu-column-overlay{mix-blend-mode: none;}.tatsu-fqp8z3b1118llzu8 > .tatsu-column-inner > .tatsu-top-divider{z-index: 9999;}.tatsu-fqp8z3b1118llzu8 > .tatsu-column-inner > .tatsu-bottom-divider{z-index: 9999;}.tatsu-fqp8z3b1118llzu8 > .tatsu-column-inner > .tatsu-left-divider{z-index: 9999;}.tatsu-fqp8z3b1118llzu8 > .tatsu-column-inner > .tatsu-right-divider{z-index: 9999;}@media only screen and (max-width:1377px) {.tatsu-row > .tatsu-fqp8z3b1118llzu8.tatsu-column{width: 100%;}}@media only screen and (min-width:768px) and (max-width: 1024px) {.tatsu-row > .tatsu-fqp8z3b1118llzu8.tatsu-column{width: 100%;}}@media only screen and (max-width: 767px) {.tatsu-row > .tatsu-fqp8z3b1118llzu8.tatsu-column{width: 100%;}}<\/style><\/div><\/div><\/div><\/div><div class=\"tatsu-section-background-wrap\"><div class = \"tatsu-section-background\" ><\/div><\/div><div class=\"tatsu-overlay tatsu-section-overlay\"><\/div><style>.tatsu-fqp8z3b0zr7xzlbm.tatsu-section{background-color: rgba(29,29,29,1);margin: 0px 0px 0px 40px;}.tatsu-fqp8z3b0zr7xzlbm .tatsu-section-background{background-image: url(http:\/\/brandexponents.com\/oshine-lite\/v30\/wp-content\/uploads\/sites\/37\/2017\/12\/arch-contact.jpg);background-repeat: no-repeat;background-attachment: scroll;background-position: center center;background-size: cover;}.tatsu-fqp8z3b0zr7xzlbm .tatsu-bg-blur{background-repeat: no-repeat;background-attachment: scroll;background-position: center center;background-size: cover;}.tatsu-fqp8z3b0zr7xzlbm{border-width: 0px 0px px 0px;border-style: solid;}.tatsu-fqp8z3b0zr7xzlbm .tatsu-section-pad{padding: 100px 0% 30px 0%;}.tatsu-fqp8z3b0zr7xzlbm > .tatsu-bottom-divider{z-index: 9999;}.tatsu-fqp8z3b0zr7xzlbm > .tatsu-top-divider{z-index: 9999;}.tatsu-fqp8z3b0zr7xzlbm .tatsu-section-overlay{background: rgba(0,0,0,0.25);mix-blend-mode: normal;}<\/style><\/div><div  class=\"tatsu-fqp8z3b17heiu40 tatsu-section    tatsu-clearfix\" data-title=\"\"  data-headerscheme=\"background--dark\"><div class='tatsu-section-pad clearfix' data-padding='{\"d\":\"95px 0px 90px 0px\"}' data-padding-top='95px'><div class=\"tatsu-row-wrap  tatsu-wrap tatsu-row-has-one-half tatsu-row-has-two-cols tatsu-medium-gutter tatsu-reg-cols  tatsu-clearfix tatsu-fqp8z3b1801enmwl\" ><div  class=\"tatsu-row \" ><div  class=\"tatsu-column  tatsu-column-no-bg tatsu-one-half tatsu-column-image-none tatsu-column-effect-none  tatsu-fqp8z3b18a964808\"  data-parallax-speed=\"0\" style=\"\"><div class=\"tatsu-column-inner \" ><div class=\"tatsu-column-pad-wrap\"><div class=\"tatsu-column-pad\" ><div  class=\"tatsu-module tatsu-inline-text clearfix tatsu-fqp8z3b18u2bkfkf   \" ><style>.tatsu-fqp8z3b18u2bkfkf .tatsu-inline-text-inner{width: 100%;text-align: left;}<\/style><div class=\"tatsu-inline-text-inner tatsu-align-center\">\n<h4>Masz pytania?<\/h4>\n<p>Z ch\u0119ci\u0105 odpowiemy na Pa\u0144stwa pytania dotycz\u0105ce ofery oraz projekt\u00f3w.<\/p>\n<\/div><\/div><ul  class=\"tatsu-module tatsu-list tatsu-fqp8z3b1be8k2vt1    tatsu-list-vertical-align-center tatsu-lists-icon\" ><style>.tatsu-fqp8z3b1be8k2vt1 .tatsu-list-content{margin: 0 0 12px 0px;}.tatsu-fqp8z3b1be8k2vt1 .tatsu-list-content::before, .tatsu-fqp8z3b1be8k2vt1 .tatsu-icon{color: rgba(34,147,215,1) ;}<\/style><li  class=\"tatsu-list-content tatsu-fqp8z3b1bxe631a6   \" ><div class=\"tatsu-list-icon-wrap\" ><i class=\"tatsu-icon icon-icon_phone \"><\/i><\/div><div class=\"tatsu-list-inner\">\n<p><a href=\"tel:+48 692 222 908\"><span style=\"color: #000000;\">+48 692\u00a0222\u00a0908<\/span><\/a><\/p>\n<\/div><style>.tatsu-fqp8z3b1bxe631a6 .tatsu-icon, .tatsu-fqp8z3b1bxe631a6.tatsu-list-content::before{color: #000000 ;}.tatsu-fqp8z3b1bxe631a6{border-style: solid;}<\/style><\/li><li  class=\"tatsu-list-content tatsu-fqp8z3b1eibxcr6a   \" ><div class=\"tatsu-list-icon-wrap\" ><i class=\"tatsu-icon icon-email \"><\/i><\/div><div class=\"tatsu-list-inner\">\n<p><a href=\"mailto:pracownia@ugoartes.pl\"><span style=\"color: #000000;\">pracownia@ugoartes.pl<\/span><\/a><\/p>\n<\/div><style>.tatsu-fqp8z3b1eibxcr6a .tatsu-icon, .tatsu-fqp8z3b1eibxcr6a.tatsu-list-content::before{color: #000000 ;}.tatsu-fqp8z3b1eibxcr6a{border-style: solid;}<\/style><\/li><\/ul><\/div><\/div><div class = \"tatsu-column-bg-image-wrap\"><div class = \"tatsu-column-bg-image\" ><\/div><\/div><\/div><style>.tatsu-row > .tatsu-fqp8z3b18a964808.tatsu-column{width: 50%;}.tatsu-fqp8z3b18a964808.tatsu-column > .tatsu-column-inner > .tatsu-column-overlay{mix-blend-mode: none;}.tatsu-fqp8z3b18a964808 > .tatsu-column-inner > .tatsu-top-divider{z-index: 9999;}.tatsu-fqp8z3b18a964808 > .tatsu-column-inner > .tatsu-bottom-divider{z-index: 9999;}.tatsu-fqp8z3b18a964808 > .tatsu-column-inner > .tatsu-left-divider{z-index: 9999;}.tatsu-fqp8z3b18a964808 > .tatsu-column-inner > .tatsu-right-divider{z-index: 9999;}@media only screen and (max-width: 767px) {.tatsu-row > .tatsu-fqp8z3b18a964808.tatsu-column{width: 100%;}}<\/style><\/div><div  class=\"tatsu-column  tatsu-column-no-bg tatsu-one-half tatsu-column-image-none tatsu-column-effect-none  tatsu-fqp8z3b1jg2c2zb9\"  data-parallax-speed=\"0\" style=\"\"><div class=\"tatsu-column-inner \" ><div class=\"tatsu-column-pad-wrap\"><div class=\"tatsu-column-pad\" ><div  class=\"contact_form contact_form_module oshine-module style2 boxed-input tatsu-fqp8z3b1k14pkdrq   \"  data-consent-error = \"Please check the consent box, in order for us to process this form\">\n\t\t\t\t\t\t<form method=\"post\" class=\"contact\">\n\t\t\t\t\t\t\t<fieldset class=\"field_name contact_fieldset\">\n\t\t\t\t\t\t\t\t<input type=\"text\" name=\"contact_name\" class=\"txt autoclear\" placeholder=\"Name\" style=\"border-width:2px\" \/>\n\t\t\t\t\t\t\t<\/fieldset>\n\t\t\t\t\t\t\t<fieldset class=\"field_email contact_fieldset\">\n\t\t\t\t\t\t\t\t<input type=\"text\" name=\"contact_email\" class=\"txt autoclear\" placeholder=\"Email\" style=\"border-width:2px\" \/>\n\t\t\t\t\t\t\t<\/fieldset><fieldset class=\"field_comment contact_fieldset\">\n\t\t\t\t\t\t\t\t<textarea name=\"contact_comment\" class=\"txt_area autoclear\" placeholder=\"Message\" style=\"border-width:2px\" ><\/textarea>\n\t\t\t\t\t\t\t<\/fieldset><fieldset class=\"contact_fieldset submit-fieldset\">\n\t\t\t\t\t\t\t\t<input type = \"hidden\" name = \"contact_style\" value = \"style2\"\/> \n\t\t\t\t\t\t\t\t<input type=\"submit\" name=\"contact_submit\" value=\"Submit\" class=\"contact_submit tatsu-button rounded blockbtn\" \/>\n\t\t\t\t\t\t\t\t<div class=\"contact_loader\"><div class=\"font-icon loader-style4-wrap loader-icon\"><\/div><\/div>\n\t\t\t\t\t\t\t<\/fieldset><div class=\"contact_status tatsu-notification\"><\/div>\n\t\t\t\t\t\t<\/form><style>.tatsu-fqp8z3b1k14pkdrq input[type=\"text\"], .tatsu-fqp8z3b1k14pkdrq textarea{background-color: rgba(241,242,243,1);color: input_color ;border-color: rgba(241,242,243,1); }.tatsu-fqp8z3b1k14pkdrq input[type=\"text\"]{height: 50px;}.tatsu-fqp8z3b1k14pkdrq .contact_submit{background-color: #000000;color: rgba(255,255,255,1) ;}<\/style>\n\t\t\t\t\t<\/div><\/div><\/div><div class = \"tatsu-column-bg-image-wrap\"><div class = \"tatsu-column-bg-image\" ><\/div><\/div><\/div><style>.tatsu-row > .tatsu-fqp8z3b1jg2c2zb9.tatsu-column{width: 50%;}.tatsu-fqp8z3b1jg2c2zb9.tatsu-column > .tatsu-column-inner > .tatsu-column-overlay{mix-blend-mode: none;}.tatsu-fqp8z3b1jg2c2zb9 > .tatsu-column-inner > .tatsu-top-divider{z-index: 9999;}.tatsu-fqp8z3b1jg2c2zb9 > .tatsu-column-inner > .tatsu-bottom-divider{z-index: 9999;}.tatsu-fqp8z3b1jg2c2zb9 > .tatsu-column-inner > .tatsu-left-divider{z-index: 9999;}.tatsu-fqp8z3b1jg2c2zb9 > .tatsu-column-inner > .tatsu-right-divider{z-index: 9999;}@media only screen and (max-width: 767px) {.tatsu-row > .tatsu-fqp8z3b1jg2c2zb9.tatsu-column{width: 100%;}}<\/style><\/div><\/div><\/div><div class=\"tatsu-row-wrap  tatsu-wrap tatsu-row-has-one-half tatsu-row-has-two-cols tatsu-medium-gutter tatsu-eq-cols  tatsu-clearfix tatsu-fqp8z3b1nq7f7twb\" ><div  class=\"tatsu-row \" ><div  class=\"tatsu-column  tatsu-bg-overlay tatsu-one-half tatsu-column-align-middle tatsu-column-image-none tatsu-column-effect-none  tatsu-fqp8z3b1o3adwp9z\"  data-parallax-speed=\"0\" style=\"\"><div class=\"tatsu-column-inner \" ><div class=\"tatsu-column-pad-wrap\"><div class=\"tatsu-column-pad\" ><div  class=\"tatsu-module tatsu-inline-text clearfix tatsu-fqp8z3b1pfcd628x   \" ><style>.tatsu-fqp8z3b1pfcd628x .tatsu-inline-text-inner{width: 100%;text-align: left;}<\/style><div class=\"tatsu-inline-text-inner tatsu-align-center\"><\/div><\/div><\/div><\/div><div class = \"tatsu-column-bg-image-wrap\"><div class = \"tatsu-column-bg-image\" ><\/div><\/div><div class=\"tatsu-overlay tatsu-column-overlay tatsu-animate-none\" ><\/div><\/div><style>.tatsu-row > .tatsu-fqp8z3b1o3adwp9z.tatsu-column{width: 50%;}.tatsu-fqp8z3b1o3adwp9z.tatsu-column > .tatsu-column-inner > .tatsu-column-bg-image-wrap > .tatsu-column-bg-image{background-image: url(http:\/\/ugoartes.pl\/wp-content\/uploads\/2021\/10\/parter-3.jpg);background-repeat: no-repeat;background-attachment: scroll;background-position: center center;background-size: cover;}.tatsu-fqp8z3b1o3adwp9z.tatsu-column > .tatsu-column-inner > .tatsu-bg-blur{background-repeat: no-repeat;background-attachment: scroll;background-position: center center;background-size: cover;}.tatsu-fqp8z3b1o3adwp9z.tatsu-column > .tatsu-column-inner > .tatsu-column-pad-wrap > .tatsu-column-pad{padding: 150px 20px 150px 20px ;}.tatsu-fqp8z3b1o3adwp9z.tatsu-column > .tatsu-column-inner > .tatsu-column-overlay{background: rgba(0,0,0,0.5);mix-blend-mode: normal;}.tatsu-fqp8z3b1o3adwp9z > .tatsu-column-inner > .tatsu-top-divider{z-index: 9999;}.tatsu-fqp8z3b1o3adwp9z > .tatsu-column-inner > .tatsu-bottom-divider{z-index: 9999;}.tatsu-fqp8z3b1o3adwp9z > .tatsu-column-inner > .tatsu-left-divider{z-index: 9999;}.tatsu-fqp8z3b1o3adwp9z > .tatsu-column-inner > .tatsu-right-divider{z-index: 9999;}@media only screen and (max-width: 767px) {.tatsu-row > .tatsu-fqp8z3b1o3adwp9z.tatsu-column{width: 100%;}}<\/style><\/div><div  class=\"tatsu-column  tatsu-column-no-bg tatsu-one-half tatsu-column-image-none tatsu-column-effect-none  tatsu-fqp8z3b1s362wiq4\"  data-parallax-speed=\"0\" style=\"\"><div class=\"tatsu-column-inner \" ><div class=\"tatsu-column-pad-wrap\"><div class=\"tatsu-column-pad\" ><div  class=\"tatsu-module tatsu-inline-text clearfix tatsu-fqp8z3b1v42rku   \" ><style>.tatsu-fqp8z3b1v42rku .tatsu-inline-text-inner{width: 100%;text-align: left;}<\/style><div class=\"tatsu-inline-text-inner tatsu-align-center\">\n<h4>Kariera w ugoartes<\/h4>\n<p>W zwi\u0105zku z dynamicznym rozwojem firmy obecnie poszukujemy pracownik\u00f3w na poni\u017csze stanowiska.<\/p>\n<\/div><\/div><div  class=\"tatsu-module tatsu-inline-text clearfix tatsu-fqp8z3b1y36vi3fs   \" ><style>.tatsu-fqp8z3b1y36vi3fs .tatsu-inline-text-inner{width: 100%;text-align: left;}<\/style><div class=\"tatsu-inline-text-inner tatsu-align-center\">\n<p>By zaaplikowa\u0107 na jedno z ponizszych stanowisk prosimy o przes\u0142anie wiadomo\u015bci email na adres pracownia@ugoartes.pl. Prosimy o podanie w tytule wiadomo\u015bci nazwy stanowiska oraz za\u0142\u0105czenie \u017cyciorysu wraz z portfolio<\/p>\n<\/div><\/div><div class=\"tatsu-row-wrap  tatsu-row-has-one-half tatsu-row-has-two-cols tatsu-tiny-gutter tatsu-reg-cols tatsu-inner-row-wrap  tatsu-clearfix tatsu-fqp8z3b20sdnaev4\" ><div  class=\"tatsu-row \" ><div  class=\"tatsu-column  tatsu-column-no-bg tatsu-one-half tatsu-column-image- tatsu-column-effect-  tatsu-fqp8z3b2124zhipx\"  data-parallax-speed=\"0\" style=\"\"><div class=\"tatsu-column-inner \" ><div class=\"tatsu-column-pad-wrap\"><div class=\"tatsu-column-pad\" ><div  class=\"tatsu-module tatsu-inline-text clearfix tatsu-fqp8z3b21o5oybk7   \" ><style>.tatsu-fqp8z3b21o5oybk7 .tatsu-inline-text-inner{width: 100%;text-align: left;}<\/style><div class=\"tatsu-inline-text-inner tatsu-align-center\">\n<h6>Architekt Wn\u0119trz<br \/>\nMenager projektu<br \/>\nKre\u015blarz<\/h6>\n<\/div><\/div><\/div><\/div><div class = \"tatsu-column-bg-image-wrap\"><div class = \"tatsu-column-bg-image\" ><\/div><\/div><\/div><style>.tatsu-row > .tatsu-fqp8z3b2124zhipx.tatsu-column{width: 50%;}.tatsu-fqp8z3b2124zhipx.tatsu-column > .tatsu-column-inner > .tatsu-column-overlay{mix-blend-mode: none;}.tatsu-fqp8z3b2124zhipx > .tatsu-column-inner > .tatsu-top-divider{z-index: 9999;}.tatsu-fqp8z3b2124zhipx > .tatsu-column-inner > .tatsu-bottom-divider{z-index: 9999;}.tatsu-fqp8z3b2124zhipx > .tatsu-column-inner > .tatsu-left-divider{z-index: 9999;}.tatsu-fqp8z3b2124zhipx > .tatsu-column-inner > .tatsu-right-divider{z-index: 9999;}@media only screen and (max-width: 767px) {.tatsu-row > .tatsu-fqp8z3b2124zhipx.tatsu-column{width: 100%;}}<\/style><\/div><div  class=\"tatsu-column  tatsu-column-no-bg tatsu-one-half tatsu-column-image- tatsu-column-effect-  tatsu-fqp8z3b24edz7745\"  data-parallax-speed=\"0\" style=\"\"><div class=\"tatsu-column-inner \" ><div class=\"tatsu-column-pad-wrap\"><div class=\"tatsu-column-pad\" ><div  class=\"tatsu-module tatsu-inline-text clearfix tatsu-fqp8z3b24z4q75gw   \" ><style>.tatsu-fqp8z3b24z4q75gw .tatsu-inline-text-inner{width: 100%;text-align: left;}<\/style><div class=\"tatsu-inline-text-inner tatsu-align-center\"><\/div><\/div><\/div><\/div><div class = \"tatsu-column-bg-image-wrap\"><div class = \"tatsu-column-bg-image\" ><\/div><\/div><\/div><style>.tatsu-row > .tatsu-fqp8z3b24edz7745.tatsu-column{width: 50%;}.tatsu-fqp8z3b24edz7745.tatsu-column > .tatsu-column-inner > .tatsu-column-overlay{mix-blend-mode: none;}.tatsu-fqp8z3b24edz7745 > .tatsu-column-inner > .tatsu-top-divider{z-index: 9999;}.tatsu-fqp8z3b24edz7745 > .tatsu-column-inner > .tatsu-bottom-divider{z-index: 9999;}.tatsu-fqp8z3b24edz7745 > .tatsu-column-inner > .tatsu-left-divider{z-index: 9999;}.tatsu-fqp8z3b24edz7745 > .tatsu-column-inner > .tatsu-right-divider{z-index: 9999;}@media only screen and (max-width: 767px) {.tatsu-row > .tatsu-fqp8z3b24edz7745.tatsu-column{width: 100%;}}<\/style><\/div><\/div><\/div><\/div><\/div><div class = \"tatsu-column-bg-image-wrap\"><div class = \"tatsu-column-bg-image\" ><\/div><\/div><\/div><style>.tatsu-row > .tatsu-fqp8z3b1s362wiq4.tatsu-column{width: 50%;}.tatsu-fqp8z3b1s362wiq4.tatsu-column > .tatsu-column-inner > .tatsu-column-pad-wrap > .tatsu-column-pad{padding: 70px 0px 70px 0px ;}.tatsu-fqp8z3b1s362wiq4.tatsu-column > .tatsu-column-inner > .tatsu-column-overlay{mix-blend-mode: none;}.tatsu-fqp8z3b1s362wiq4 > .tatsu-column-inner > .tatsu-top-divider{z-index: 9999;}.tatsu-fqp8z3b1s362wiq4 > .tatsu-column-inner > .tatsu-bottom-divider{z-index: 9999;}.tatsu-fqp8z3b1s362wiq4 > .tatsu-column-inner > .tatsu-left-divider{z-index: 9999;}.tatsu-fqp8z3b1s362wiq4 > .tatsu-column-inner > .tatsu-right-divider{z-index: 9999;}@media only screen and (max-width: 767px) {.tatsu-row > .tatsu-fqp8z3b1s362wiq4.tatsu-column{width: 100%;}}<\/style><\/div><\/div><\/div><\/div><div class=\"tatsu-section-background-wrap\"><div class = \"tatsu-section-background\" ><\/div><\/div><style>.tatsu-fqp8z3b17heiu40 .tatsu-section-pad{padding: 95px 0px 90px 0px;}.tatsu-fqp8z3b17heiu40 > .tatsu-bottom-divider{z-index: 9999;}.tatsu-fqp8z3b17heiu40 > .tatsu-top-divider{z-index: 9999;}<\/style><\/div>\n","protected":false},"excerpt":{"rendered":"<p><a href=\"https:\/\/ugoartes.pl\/index.php\/contact\/\" class=\"more-link style2-button\">Read More<\/a><\/p>","protected":false},"author":1,"featured_media":0,"parent":0,"menu_order":0,"comment_status":"closed","ping_status":"closed","template":"","meta":[],"_links":{"self":[{"href":"https:\/\/ugoartes.pl\/index.php\/wp-json\/wp\/v2\/pages\/2888"}],"collection":[{"href":"https:\/\/ugoartes.pl\/index.php\/wp-json\/wp\/v2\/pages"}],"about":[{"href":"https:\/\/ugoartes.pl\/index.php\/wp-json\/wp\/v2\/types\/page"}],"author":[{"embeddable":true,"href":"https:\/\/ugoartes.pl\/index.php\/wp-json\/wp\/v2\/users\/1"}],"replies":[{"embeddable":true,"href":"https:\/\/ugoartes.pl\/index.php\/wp-json\/wp\/v2\/comments?post=2888"}],"version-history":[{"count":42,"href":"https:\/\/ugoartes.pl\/index.php\/wp-json\/wp\/v2\/pages\/2888\/revisions"}],"predecessor-version":[{"id":3476,"href":"https:\/\/ugoartes.pl\/index.php\/wp-json\/wp\/v2\/pages\/2888\/revisions\/3476"}],"wp:attachment":[{"href":"https:\/\/ugoartes.pl\/index.php\/wp-json\/wp\/v2\/media?parent=2888"}],"curies":[{"name":"wp","href":"https:\/\/api.w.org\/{rel}","templated":true}]}}